{"id":1685,"date":"2024-04-24T13:34:39","date_gmt":"2024-04-24T11:34:39","guid":{"rendered":"https:\/\/holosem.ch\/mentions-legales\/"},"modified":"2025-11-26T07:46:07","modified_gmt":"2025-11-26T06:46:07","slug":"mentions-legales","status":"publish","type":"page","link":"https:\/\/holosem.ch\/fr\/mentions-legales\/","title":{"rendered":"Mentions l\u00e9gales"},"content":{"rendered":"<div id=\"intro\" class=\"!my-0\"><\/div>\n<section class=\"hs-hero alignfull relative overflow-hidden  flex flex-col justify-center\" style=\"clip-path: url(#clip-bottom-medium); min-height:calc(50vh + 10vh)\">\n    \n        <img decoding=\"async\" src=\"https:\/\/holosem.ch\/wp-content\/uploads\/2025\/01\/Hoechst.jpg\" alt=\"Mentions l\u00e9gales\" class=\"absolute top-0 left-0 object-cover w-full h-full min-h-screen\" object-position:right center \/>\n        <img decoding=\"async\" src=\"https:\/\/holosem.ch\/wp-content\/uploads\/2025\/01\/Hoechst.jpg\" alt=\"Mentions l\u00e9gales\" class=\"absolute top-0 left-0 object-cover w-full h-full min-h-screen opacity-50 grained\" \/>\n        <div class=\"absolute top-0 left-0 w-[500%] h-[500%] opacity-95 backdroplayer\" style=\"background: radial-gradient(75.87% 71.41% at 80% 50%, rgba(114, 169, 51, 0.00) 0%, #72A933 100%);\"><\/div>\n    <div class=\"box-border relative top-0 -translate-x-1\/2 content_container left-1\/2 w-wide\">\n        <div class=\"flex flex-col justify-center w-full h-full xs:w-3\/4 lg:w-2\/3 xl:w-1\/2 2xl:w-2\/5 gap-md content pt-header-sm md:pt-header-xl pb-xl md:pb-2xl\">\n            <h1 class=\"w-full -translate-x-40 opacity-0 text-light first\">Mentions l\u00e9gales<\/h1>\n            <p class=\"w-2\/3 -translate-x-40 opacity-0 teaser second\">Les \u00e9diteurs de HoloSem<\/p>\n                    <\/div>\n\n    <\/div>\n<\/section>\n<div class=\"wp-block-group has-global-padding is-layout-constrained wp-block-group-is-layout-constrained\">\n<h4 class=\"wp-block-heading\"><strong>Mentions l\u00e9gales<\/strong><\/h4>\n\n\n\n<p>\u00d6+L GmbH | \u00d6kologie und Landschaft GmbH, CH-8966 Oberwil-Lieli<\/p>\n\n\n\n<p><a href=\"https:\/\/holosem.ch\/fr\/a-propos-de-nous\/#kontakt\">Kontaktangaben<\/a><\/p>\n<\/div>\n\n<div class=\"wp-block-group has-global-padding is-layout-constrained wp-block-group-is-layout-constrained\">\n<h4 class=\"wp-block-heading\"><strong>Photos<\/strong><\/h4>\n\n\n\n<p>Andreas Bosshard, \u00d6+L GmbH<\/p>\n<\/div>\n\n<div class=\"wp-block-group has-global-padding is-layout-constrained wp-block-group-is-layout-constrained\">\n<h4 class=\"wp-block-heading\"><strong>R\u00e9alisation et exploitation<\/strong><\/h4>\n\n\n\n<p>Conception, r\u00e9alisation et exploitation du site web par Th\u00f6ni Design<br\/><a href=\"https:\/\/thoeni.design\">https:\/\/thoeni.design<\/a><\/p>\n<\/div>\n\n<div class=\"wp-block-group has-global-padding is-layout-constrained wp-block-group-is-layout-constrained\">\n<h4 class=\"wp-block-heading\"><strong>Copyright<\/strong><\/h4>\n\n\n\n<p>Tous droits r\u00e9serv\u00e9s. La r\u00e9impression et la reproduction des textes et des images, y compris le stockage et l&rsquo;utilisation sur des supports de donn\u00e9es optiques et \u00e9lectroniques, sont autoris\u00e9es \u00e0 condition que la source compl\u00e8te soit mentionn\u00e9e. <\/p>\n\n\n\n<p> <br\/><br\/><\/p>\n<\/div>\n","protected":false},"excerpt":{"rendered":"<p>Mentions l\u00e9gales \u00d6+L GmbH | \u00d6kologie und Landschaft GmbH, CH-8966 Oberwil-Lieli Kontaktangaben Photos Andreas Bosshard, \u00d6+L GmbH R\u00e9alisation et exploitation Conception, r\u00e9alisation et exploitation du site web par Th\u00f6ni Designhttps:\/\/thoeni.design Copyright Tous droits r\u00e9serv\u00e9s. La r\u00e9impression et la reproduction des textes et des images, y compris le stockage et l&rsquo;utilisation sur des supports de donn\u00e9es [&hellip;]<\/p>\n","protected":false},"author":1,"featured_media":2495,"parent":0,"menu_order":0,"comment_status":"closed","ping_status":"closed","template":"","meta":{"_acf_changed":false,"inline_featured_image":false,"queryLoopSortOrder":"","footnotes":""},"class_list":["post-1685","page","type-page","status-publish","has-post-thumbnail","hentry"],"acf":[],"yoast_head":"<!-- This site is optimized with the Yoast SEO plugin v27.3 - https:\/\/yoast.com\/product\/yoast-seo-wordpress\/ -->\n<title>Mentions l\u00e9gales - HoloSem Saatgut &amp; Begr\u00fcnungen<\/title>\n<meta name=\"description\" content=\"Les mentions l\u00e9gales de HoloSem, votre partenaire pour des solutions de v\u00e9g\u00e9talisation naturelles et biodiverses.\" \/>\n<meta name=\"robots\" content=\"index, follow, max-snippet:-1, max-image-preview:large, max-video-preview:-1\" \/>\n<link rel=\"canonical\" href=\"https:\/\/holosem.ch\/fr\/mentions-legales\/\" \/>\n<meta property=\"og:locale\" content=\"fr_FR\" \/>\n<meta property=\"og:type\" content=\"article\" \/>\n<meta property=\"og:title\" content=\"Mentions l\u00e9gales - HoloSem Saatgut &amp; Begr\u00fcnungen\" \/>\n<meta property=\"og:description\" content=\"Les mentions l\u00e9gales de HoloSem, votre partenaire pour des solutions de v\u00e9g\u00e9talisation naturelles et biodiverses.\" \/>\n<meta property=\"og:url\" content=\"https:\/\/holosem.ch\/fr\/mentions-legales\/\" \/>\n<meta property=\"og:site_name\" content=\"HoloSem Saatgut &amp; Begr\u00fcnungen\" \/>\n<meta property=\"article:modified_time\" content=\"2025-11-26T06:46:07+00:00\" \/>\n<meta property=\"og:image\" content=\"https:\/\/holosem.ch\/wp-content\/uploads\/2025\/01\/Hoechst.jpg\" \/>\n\t<meta property=\"og:image:width\" content=\"1920\" \/>\n\t<meta property=\"og:image:height\" content=\"1422\" \/>\n\t<meta property=\"og:image:type\" content=\"image\/jpeg\" \/>\n<meta name=\"twitter:card\" content=\"summary_large_image\" \/>\n<script type=\"application\/ld+json\" class=\"yoast-schema-graph\">{\"@context\":\"https:\\\/\\\/schema.org\",\"@graph\":[{\"@type\":\"WebPage\",\"@id\":\"https:\\\/\\\/holosem.ch\\\/fr\\\/mentions-legales\\\/\",\"url\":\"https:\\\/\\\/holosem.ch\\\/fr\\\/mentions-legales\\\/\",\"name\":\"Mentions l\u00e9gales - HoloSem Saatgut &amp; Begr\u00fcnungen\",\"isPartOf\":{\"@id\":\"https:\\\/\\\/holosem.ch\\\/fr\\\/#website\"},\"primaryImageOfPage\":{\"@id\":\"https:\\\/\\\/holosem.ch\\\/fr\\\/mentions-legales\\\/#primaryimage\"},\"image\":{\"@id\":\"https:\\\/\\\/holosem.ch\\\/fr\\\/mentions-legales\\\/#primaryimage\"},\"thumbnailUrl\":\"https:\\\/\\\/holosem.ch\\\/wp-content\\\/uploads\\\/2025\\\/01\\\/Hoechst.jpg\",\"datePublished\":\"2024-04-24T11:34:39+00:00\",\"dateModified\":\"2025-11-26T06:46:07+00:00\",\"description\":\"Les mentions l\u00e9gales de HoloSem, votre partenaire pour des solutions de v\u00e9g\u00e9talisation naturelles et biodiverses.\",\"breadcrumb\":{\"@id\":\"https:\\\/\\\/holosem.ch\\\/fr\\\/mentions-legales\\\/#breadcrumb\"},\"inLanguage\":\"fr-FR\",\"potentialAction\":[{\"@type\":\"ReadAction\",\"target\":[\"https:\\\/\\\/holosem.ch\\\/fr\\\/mentions-legales\\\/\"]}]},{\"@type\":\"ImageObject\",\"inLanguage\":\"fr-FR\",\"@id\":\"https:\\\/\\\/holosem.ch\\\/fr\\\/mentions-legales\\\/#primaryimage\",\"url\":\"https:\\\/\\\/holosem.ch\\\/wp-content\\\/uploads\\\/2025\\\/01\\\/Hoechst.jpg\",\"contentUrl\":\"https:\\\/\\\/holosem.ch\\\/wp-content\\\/uploads\\\/2025\\\/01\\\/Hoechst.jpg\",\"width\":1920,\"height\":1422},{\"@type\":\"BreadcrumbList\",\"@id\":\"https:\\\/\\\/holosem.ch\\\/fr\\\/mentions-legales\\\/#breadcrumb\",\"itemListElement\":[{\"@type\":\"ListItem\",\"position\":1,\"name\":\"Startseite\",\"item\":\"https:\\\/\\\/holosem.ch\\\/fr\\\/\"},{\"@type\":\"ListItem\",\"position\":2,\"name\":\"Mentions l\u00e9gales\"}]},{\"@type\":\"WebSite\",\"@id\":\"https:\\\/\\\/holosem.ch\\\/fr\\\/#website\",\"url\":\"https:\\\/\\\/holosem.ch\\\/fr\\\/\",\"name\":\"HoloSem Saatgut &amp; Begr\u00fcnungen\",\"description\":\"\",\"publisher\":{\"@id\":\"https:\\\/\\\/holosem.ch\\\/fr\\\/#organization\"},\"potentialAction\":[{\"@type\":\"SearchAction\",\"target\":{\"@type\":\"EntryPoint\",\"urlTemplate\":\"https:\\\/\\\/holosem.ch\\\/fr\\\/?s={search_term_string}\"},\"query-input\":{\"@type\":\"PropertyValueSpecification\",\"valueRequired\":true,\"valueName\":\"search_term_string\"}}],\"inLanguage\":\"fr-FR\"},{\"@type\":\"Organization\",\"@id\":\"https:\\\/\\\/holosem.ch\\\/fr\\\/#organization\",\"name\":\"HoloSem Saatgut &amp; Begr\u00fcnungen\",\"url\":\"https:\\\/\\\/holosem.ch\\\/fr\\\/\",\"logo\":{\"@type\":\"ImageObject\",\"inLanguage\":\"fr-FR\",\"@id\":\"https:\\\/\\\/holosem.ch\\\/fr\\\/#\\\/schema\\\/logo\\\/image\\\/\",\"url\":\"https:\\\/\\\/holosem.ch\\\/wp-content\\\/uploads\\\/2024\\\/03\\\/holosem_logo_web.svg\",\"contentUrl\":\"https:\\\/\\\/holosem.ch\\\/wp-content\\\/uploads\\\/2024\\\/03\\\/holosem_logo_web.svg\",\"caption\":\"HoloSem Saatgut &amp; Begr\u00fcnungen\"},\"image\":{\"@id\":\"https:\\\/\\\/holosem.ch\\\/fr\\\/#\\\/schema\\\/logo\\\/image\\\/\"}}]}<\/script>\n<!-- \/ Yoast SEO plugin. -->","yoast_head_json":{"title":"Mentions l\u00e9gales - HoloSem Saatgut &amp; Begr\u00fcnungen","description":"Les mentions l\u00e9gales de HoloSem, votre partenaire pour des solutions de v\u00e9g\u00e9talisation naturelles et biodiverses.","robots":{"index":"index","follow":"follow","max-snippet":"max-snippet:-1","max-image-preview":"max-image-preview:large","max-video-preview":"max-video-preview:-1"},"canonical":"https:\/\/holosem.ch\/fr\/mentions-legales\/","og_locale":"fr_FR","og_type":"article","og_title":"Mentions l\u00e9gales - HoloSem Saatgut &amp; Begr\u00fcnungen","og_description":"Les mentions l\u00e9gales de HoloSem, votre partenaire pour des solutions de v\u00e9g\u00e9talisation naturelles et biodiverses.","og_url":"https:\/\/holosem.ch\/fr\/mentions-legales\/","og_site_name":"HoloSem Saatgut &amp; Begr\u00fcnungen","article_modified_time":"2025-11-26T06:46:07+00:00","og_image":[{"width":1920,"height":1422,"url":"https:\/\/holosem.ch\/wp-content\/uploads\/2025\/01\/Hoechst.jpg","type":"image\/jpeg"}],"twitter_card":"summary_large_image","schema":{"@context":"https:\/\/schema.org","@graph":[{"@type":"WebPage","@id":"https:\/\/holosem.ch\/fr\/mentions-legales\/","url":"https:\/\/holosem.ch\/fr\/mentions-legales\/","name":"Mentions l\u00e9gales - HoloSem Saatgut &amp; Begr\u00fcnungen","isPartOf":{"@id":"https:\/\/holosem.ch\/fr\/#website"},"primaryImageOfPage":{"@id":"https:\/\/holosem.ch\/fr\/mentions-legales\/#primaryimage"},"image":{"@id":"https:\/\/holosem.ch\/fr\/mentions-legales\/#primaryimage"},"thumbnailUrl":"https:\/\/holosem.ch\/wp-content\/uploads\/2025\/01\/Hoechst.jpg","datePublished":"2024-04-24T11:34:39+00:00","dateModified":"2025-11-26T06:46:07+00:00","description":"Les mentions l\u00e9gales de HoloSem, votre partenaire pour des solutions de v\u00e9g\u00e9talisation naturelles et biodiverses.","breadcrumb":{"@id":"https:\/\/holosem.ch\/fr\/mentions-legales\/#breadcrumb"},"inLanguage":"fr-FR","potentialAction":[{"@type":"ReadAction","target":["https:\/\/holosem.ch\/fr\/mentions-legales\/"]}]},{"@type":"ImageObject","inLanguage":"fr-FR","@id":"https:\/\/holosem.ch\/fr\/mentions-legales\/#primaryimage","url":"https:\/\/holosem.ch\/wp-content\/uploads\/2025\/01\/Hoechst.jpg","contentUrl":"https:\/\/holosem.ch\/wp-content\/uploads\/2025\/01\/Hoechst.jpg","width":1920,"height":1422},{"@type":"BreadcrumbList","@id":"https:\/\/holosem.ch\/fr\/mentions-legales\/#breadcrumb","itemListElement":[{"@type":"ListItem","position":1,"name":"Startseite","item":"https:\/\/holosem.ch\/fr\/"},{"@type":"ListItem","position":2,"name":"Mentions l\u00e9gales"}]},{"@type":"WebSite","@id":"https:\/\/holosem.ch\/fr\/#website","url":"https:\/\/holosem.ch\/fr\/","name":"HoloSem Saatgut &amp; Begr\u00fcnungen","description":"","publisher":{"@id":"https:\/\/holosem.ch\/fr\/#organization"},"potentialAction":[{"@type":"SearchAction","target":{"@type":"EntryPoint","urlTemplate":"https:\/\/holosem.ch\/fr\/?s={search_term_string}"},"query-input":{"@type":"PropertyValueSpecification","valueRequired":true,"valueName":"search_term_string"}}],"inLanguage":"fr-FR"},{"@type":"Organization","@id":"https:\/\/holosem.ch\/fr\/#organization","name":"HoloSem Saatgut &amp; Begr\u00fcnungen","url":"https:\/\/holosem.ch\/fr\/","logo":{"@type":"ImageObject","inLanguage":"fr-FR","@id":"https:\/\/holosem.ch\/fr\/#\/schema\/logo\/image\/","url":"https:\/\/holosem.ch\/wp-content\/uploads\/2024\/03\/holosem_logo_web.svg","contentUrl":"https:\/\/holosem.ch\/wp-content\/uploads\/2024\/03\/holosem_logo_web.svg","caption":"HoloSem Saatgut &amp; Begr\u00fcnungen"},"image":{"@id":"https:\/\/holosem.ch\/fr\/#\/schema\/logo\/image\/"}}]}},"jetpack_sharing_enabled":true,"_links":{"self":[{"href":"https:\/\/holosem.ch\/fr\/wp-json\/wp\/v2\/pages\/1685","targetHints":{"allow":["GET"]}}],"collection":[{"href":"https:\/\/holosem.ch\/fr\/wp-json\/wp\/v2\/pages"}],"about":[{"href":"https:\/\/holosem.ch\/fr\/wp-json\/wp\/v2\/types\/page"}],"author":[{"embeddable":true,"href":"https:\/\/holosem.ch\/fr\/wp-json\/wp\/v2\/users\/1"}],"replies":[{"embeddable":true,"href":"https:\/\/holosem.ch\/fr\/wp-json\/wp\/v2\/comments?post=1685"}],"version-history":[{"count":4,"href":"https:\/\/holosem.ch\/fr\/wp-json\/wp\/v2\/pages\/1685\/revisions"}],"predecessor-version":[{"id":10492,"href":"https:\/\/holosem.ch\/fr\/wp-json\/wp\/v2\/pages\/1685\/revisions\/10492"}],"wp:featuredmedia":[{"embeddable":true,"href":"https:\/\/holosem.ch\/fr\/wp-json\/wp\/v2\/media\/2495"}],"wp:attachment":[{"href":"https:\/\/holosem.ch\/fr\/wp-json\/wp\/v2\/media?parent=1685"}],"curies":[{"name":"wp","href":"https:\/\/api.w.org\/{rel}","templated":true}]}}