{"id":1681,"date":"2024-04-24T13:34:39","date_gmt":"2024-04-24T11:34:39","guid":{"rendered":"https:\/\/holosem.ch\/impronta\/"},"modified":"2024-11-26T19:18:22","modified_gmt":"2024-11-26T18:18:22","slug":"impronta","status":"publish","type":"page","link":"https:\/\/holosem.ch\/it\/impronta\/","title":{"rendered":"Impronta"},"content":{"rendered":"\n<div class=\"wp-block-group has-global-padding is-layout-constrained wp-block-group-is-layout-constrained\">\n<h4 class=\"wp-block-heading\"><strong>Impronta<\/strong><\/h4>\n\n\n\n<p>\u00d6+L GmbH | \u00d6kologie und Landschaft GmbH, CH-8966 Oberwil-Lieli<\/p>\n\n\n\n<p><a href=\"https:\/\/holosem.ch\/it\/chi-siamo\/#kontakt\">Dettagli di contatto<\/a><\/p>\n<\/div>\n\n<div class=\"wp-block-group has-global-padding is-layout-constrained wp-block-group-is-layout-constrained\">\n<h4 class=\"wp-block-heading\"><strong>Foto<\/strong><\/h4>\n\n\n\n<p>Andreas Bosshard, \u00d6+L GmbH<\/p>\n<\/div>\n\n<div class=\"wp-block-group has-global-padding is-layout-constrained wp-block-group-is-layout-constrained\">\n<h4 class=\"wp-block-heading\"><strong>Realizzazione e funzionamento<\/strong><\/h4>\n\n\n\n<p><br\/>Ideazione, realizzazione e gestione del sito web da parte di Th\u00f6ni Design<a href=\"https:\/\/thoeni.design\">https:\/\/thoeni.design<\/a><\/p>\n<\/div>\n\n<div class=\"wp-block-group has-global-padding is-layout-constrained wp-block-group-is-layout-constrained\">\n<h4 class=\"wp-block-heading\"><strong>Copyright<\/strong><\/h4>\n\n\n\n<p>Tutti i diritti sono riservati. La ristampa e la riproduzione dei testi e delle immagini, compresa l&#8217;archiviazione e l&#8217;utilizzo su supporti ottici ed elettronici, sono autorizzate a condizione che la fonte sia riconosciuta. <\/p>\n\n\n\n<p> <br\/><br\/><\/p>\n<\/div>\n","protected":false},"excerpt":{"rendered":"<p>Impronta \u00d6+L GmbH | \u00d6kologie und Landschaft GmbH, CH-8966 Oberwil-Lieli Dettagli di contatto Foto Andreas Bosshard, \u00d6+L GmbH Realizzazione e funzionamento Ideazione, realizzazione e gestione del sito web da parte di Th\u00f6ni Designhttps:\/\/thoeni.design Copyright Tutti i diritti sono riservati. La ristampa e la riproduzione dei testi e delle immagini, compresa l&#8217;archiviazione e l&#8217;utilizzo su supporti [&hellip;]<\/p>\n","protected":false},"author":1,"featured_media":2496,"parent":0,"menu_order":0,"comment_status":"closed","ping_status":"closed","template":"","meta":{"_acf_changed":false,"inline_featured_image":false,"queryLoopSortOrder":"","footnotes":""},"class_list":["post-1681","page","type-page","status-publish","has-post-thumbnail","hentry"],"acf":[],"yoast_head":"<!-- This site is optimized with the Yoast SEO plugin v27.3 - https:\/\/yoast.com\/product\/yoast-seo-wordpress\/ -->\n<title>Impronta - HoloSem Saatgut &amp; Begr\u00fcnungen<\/title>\n<meta name=\"description\" content=\"L&#039;impronta di HoloSem, il tuo partner per le soluzioni naturali e biodiverse per il verde.\" \/>\n<meta name=\"robots\" content=\"index, follow, max-snippet:-1, max-image-preview:large, max-video-preview:-1\" \/>\n<link rel=\"canonical\" href=\"https:\/\/holosem.ch\/it\/impronta\/\" \/>\n<meta property=\"og:locale\" content=\"it_IT\" \/>\n<meta property=\"og:type\" content=\"article\" \/>\n<meta property=\"og:title\" content=\"Impronta - HoloSem Saatgut &amp; Begr\u00fcnungen\" \/>\n<meta property=\"og:description\" content=\"L&#039;impronta di HoloSem, il tuo partner per le soluzioni naturali e biodiverse per il verde.\" \/>\n<meta property=\"og:url\" content=\"https:\/\/holosem.ch\/it\/impronta\/\" \/>\n<meta property=\"og:site_name\" content=\"HoloSem Saatgut &amp; Begr\u00fcnungen\" \/>\n<meta property=\"article:modified_time\" content=\"2024-11-26T18:18:22+00:00\" \/>\n<meta name=\"twitter:card\" content=\"summary_large_image\" \/>\n<script type=\"application\/ld+json\" class=\"yoast-schema-graph\">{\"@context\":\"https:\\\/\\\/schema.org\",\"@graph\":[{\"@type\":\"WebPage\",\"@id\":\"https:\\\/\\\/holosem.ch\\\/it\\\/impronta\\\/\",\"url\":\"https:\\\/\\\/holosem.ch\\\/it\\\/impronta\\\/\",\"name\":\"Impronta - HoloSem Saatgut &amp; Begr\u00fcnungen\",\"isPartOf\":{\"@id\":\"https:\\\/\\\/holosem.ch\\\/it\\\/#website\"},\"primaryImageOfPage\":{\"@id\":\"https:\\\/\\\/holosem.ch\\\/it\\\/impronta\\\/#primaryimage\"},\"image\":{\"@id\":\"https:\\\/\\\/holosem.ch\\\/it\\\/impronta\\\/#primaryimage\"},\"thumbnailUrl\":\"https:\\\/\\\/holosem.ch\\\/wp-content\\\/uploads\\\/2025\\\/01\\\/Hoechst.jpg\",\"datePublished\":\"2024-04-24T11:34:39+00:00\",\"dateModified\":\"2024-11-26T18:18:22+00:00\",\"description\":\"L'impronta di HoloSem, il tuo partner per le soluzioni naturali e biodiverse per il verde.\",\"breadcrumb\":{\"@id\":\"https:\\\/\\\/holosem.ch\\\/it\\\/impronta\\\/#breadcrumb\"},\"inLanguage\":\"it-IT\",\"potentialAction\":[{\"@type\":\"ReadAction\",\"target\":[\"https:\\\/\\\/holosem.ch\\\/it\\\/impronta\\\/\"]}]},{\"@type\":\"ImageObject\",\"inLanguage\":\"it-IT\",\"@id\":\"https:\\\/\\\/holosem.ch\\\/it\\\/impronta\\\/#primaryimage\",\"url\":\"https:\\\/\\\/holosem.ch\\\/wp-content\\\/uploads\\\/2025\\\/01\\\/Hoechst.jpg\",\"contentUrl\":\"https:\\\/\\\/holosem.ch\\\/wp-content\\\/uploads\\\/2025\\\/01\\\/Hoechst.jpg\",\"width\":1920,\"height\":1422},{\"@type\":\"BreadcrumbList\",\"@id\":\"https:\\\/\\\/holosem.ch\\\/it\\\/impronta\\\/#breadcrumb\",\"itemListElement\":[{\"@type\":\"ListItem\",\"position\":1,\"name\":\"Startseite\",\"item\":\"https:\\\/\\\/holosem.ch\\\/it\\\/\"},{\"@type\":\"ListItem\",\"position\":2,\"name\":\"Impronta\"}]},{\"@type\":\"WebSite\",\"@id\":\"https:\\\/\\\/holosem.ch\\\/it\\\/#website\",\"url\":\"https:\\\/\\\/holosem.ch\\\/it\\\/\",\"name\":\"HoloSem Saatgut &amp; Begr\u00fcnungen\",\"description\":\"\",\"publisher\":{\"@id\":\"https:\\\/\\\/holosem.ch\\\/it\\\/#organization\"},\"potentialAction\":[{\"@type\":\"SearchAction\",\"target\":{\"@type\":\"EntryPoint\",\"urlTemplate\":\"https:\\\/\\\/holosem.ch\\\/it\\\/?s={search_term_string}\"},\"query-input\":{\"@type\":\"PropertyValueSpecification\",\"valueRequired\":true,\"valueName\":\"search_term_string\"}}],\"inLanguage\":\"it-IT\"},{\"@type\":\"Organization\",\"@id\":\"https:\\\/\\\/holosem.ch\\\/it\\\/#organization\",\"name\":\"HoloSem Saatgut &amp; Begr\u00fcnungen\",\"url\":\"https:\\\/\\\/holosem.ch\\\/it\\\/\",\"logo\":{\"@type\":\"ImageObject\",\"inLanguage\":\"it-IT\",\"@id\":\"https:\\\/\\\/holosem.ch\\\/it\\\/#\\\/schema\\\/logo\\\/image\\\/\",\"url\":\"https:\\\/\\\/holosem.ch\\\/wp-content\\\/uploads\\\/2024\\\/03\\\/holosem_logo_web.svg\",\"contentUrl\":\"https:\\\/\\\/holosem.ch\\\/wp-content\\\/uploads\\\/2024\\\/03\\\/holosem_logo_web.svg\",\"caption\":\"HoloSem Saatgut &amp; Begr\u00fcnungen\"},\"image\":{\"@id\":\"https:\\\/\\\/holosem.ch\\\/it\\\/#\\\/schema\\\/logo\\\/image\\\/\"}}]}<\/script>\n<!-- \/ Yoast SEO plugin. -->","yoast_head_json":{"title":"Impronta - HoloSem Saatgut &amp; Begr\u00fcnungen","description":"L'impronta di HoloSem, il tuo partner per le soluzioni naturali e biodiverse per il verde.","robots":{"index":"index","follow":"follow","max-snippet":"max-snippet:-1","max-image-preview":"max-image-preview:large","max-video-preview":"max-video-preview:-1"},"canonical":"https:\/\/holosem.ch\/it\/impronta\/","og_locale":"it_IT","og_type":"article","og_title":"Impronta - HoloSem Saatgut &amp; Begr\u00fcnungen","og_description":"L'impronta di HoloSem, il tuo partner per le soluzioni naturali e biodiverse per il verde.","og_url":"https:\/\/holosem.ch\/it\/impronta\/","og_site_name":"HoloSem Saatgut &amp; Begr\u00fcnungen","article_modified_time":"2024-11-26T18:18:22+00:00","twitter_card":"summary_large_image","schema":{"@context":"https:\/\/schema.org","@graph":[{"@type":"WebPage","@id":"https:\/\/holosem.ch\/it\/impronta\/","url":"https:\/\/holosem.ch\/it\/impronta\/","name":"Impronta - HoloSem Saatgut &amp; Begr\u00fcnungen","isPartOf":{"@id":"https:\/\/holosem.ch\/it\/#website"},"primaryImageOfPage":{"@id":"https:\/\/holosem.ch\/it\/impronta\/#primaryimage"},"image":{"@id":"https:\/\/holosem.ch\/it\/impronta\/#primaryimage"},"thumbnailUrl":"https:\/\/holosem.ch\/wp-content\/uploads\/2025\/01\/Hoechst.jpg","datePublished":"2024-04-24T11:34:39+00:00","dateModified":"2024-11-26T18:18:22+00:00","description":"L'impronta di HoloSem, il tuo partner per le soluzioni naturali e biodiverse per il verde.","breadcrumb":{"@id":"https:\/\/holosem.ch\/it\/impronta\/#breadcrumb"},"inLanguage":"it-IT","potentialAction":[{"@type":"ReadAction","target":["https:\/\/holosem.ch\/it\/impronta\/"]}]},{"@type":"ImageObject","inLanguage":"it-IT","@id":"https:\/\/holosem.ch\/it\/impronta\/#primaryimage","url":"https:\/\/holosem.ch\/wp-content\/uploads\/2025\/01\/Hoechst.jpg","contentUrl":"https:\/\/holosem.ch\/wp-content\/uploads\/2025\/01\/Hoechst.jpg","width":1920,"height":1422},{"@type":"BreadcrumbList","@id":"https:\/\/holosem.ch\/it\/impronta\/#breadcrumb","itemListElement":[{"@type":"ListItem","position":1,"name":"Startseite","item":"https:\/\/holosem.ch\/it\/"},{"@type":"ListItem","position":2,"name":"Impronta"}]},{"@type":"WebSite","@id":"https:\/\/holosem.ch\/it\/#website","url":"https:\/\/holosem.ch\/it\/","name":"HoloSem Saatgut &amp; Begr\u00fcnungen","description":"","publisher":{"@id":"https:\/\/holosem.ch\/it\/#organization"},"potentialAction":[{"@type":"SearchAction","target":{"@type":"EntryPoint","urlTemplate":"https:\/\/holosem.ch\/it\/?s={search_term_string}"},"query-input":{"@type":"PropertyValueSpecification","valueRequired":true,"valueName":"search_term_string"}}],"inLanguage":"it-IT"},{"@type":"Organization","@id":"https:\/\/holosem.ch\/it\/#organization","name":"HoloSem Saatgut &amp; Begr\u00fcnungen","url":"https:\/\/holosem.ch\/it\/","logo":{"@type":"ImageObject","inLanguage":"it-IT","@id":"https:\/\/holosem.ch\/it\/#\/schema\/logo\/image\/","url":"https:\/\/holosem.ch\/wp-content\/uploads\/2024\/03\/holosem_logo_web.svg","contentUrl":"https:\/\/holosem.ch\/wp-content\/uploads\/2024\/03\/holosem_logo_web.svg","caption":"HoloSem Saatgut &amp; Begr\u00fcnungen"},"image":{"@id":"https:\/\/holosem.ch\/it\/#\/schema\/logo\/image\/"}}]}},"jetpack_sharing_enabled":true,"_links":{"self":[{"href":"https:\/\/holosem.ch\/it\/wp-json\/wp\/v2\/pages\/1681","targetHints":{"allow":["GET"]}}],"collection":[{"href":"https:\/\/holosem.ch\/it\/wp-json\/wp\/v2\/pages"}],"about":[{"href":"https:\/\/holosem.ch\/it\/wp-json\/wp\/v2\/types\/page"}],"author":[{"embeddable":true,"href":"https:\/\/holosem.ch\/it\/wp-json\/wp\/v2\/users\/1"}],"replies":[{"embeddable":true,"href":"https:\/\/holosem.ch\/it\/wp-json\/wp\/v2\/comments?post=1681"}],"version-history":[{"count":1,"href":"https:\/\/holosem.ch\/it\/wp-json\/wp\/v2\/pages\/1681\/revisions"}],"predecessor-version":[{"id":1683,"href":"https:\/\/holosem.ch\/it\/wp-json\/wp\/v2\/pages\/1681\/revisions\/1683"}],"wp:featuredmedia":[{"embeddable":true,"href":"https:\/\/holosem.ch\/it\/wp-json\/wp\/v2\/media\/2496"}],"wp:attachment":[{"href":"https:\/\/holosem.ch\/it\/wp-json\/wp\/v2\/media?parent=1681"}],"curies":[{"name":"wp","href":"https:\/\/api.w.org\/{rel}","templated":true}]}}